{"id":2,"date":"2019-08-18T18:37:14","date_gmt":"2019-08-18T18:37:14","guid":{"rendered":"https:\/\/elektro-schloesser.de\/?page_id=2"},"modified":"2019-08-21T18:37:10","modified_gmt":"2019-08-21T18:37:10","slug":"sample-page","status":"publish","type":"page","link":"https:\/\/elektro-schloesser.de\/","title":{"rendered":"Startseite"},"content":{"rendered":"\n<p style=\"text-align:center\" class=\"has-text-color has-dark-gray-color\">        <strong>Elektrotechnik Schl\u00f6sser<br><\/strong>               Alte Pastoratstra\u00dfe 11-15 \u2022 47877  Willich-Schiefbahn<br>               Telefon 0 21 54 \/ 53 88 \u2022\u00a0 Telefax 0 21 54 \/ 81 10 57<br>               Mobil 01 77 \/ 2 36 54 21<br>           Email: <a href=\"mailto:info@elektro-schloesser.de\">info@elektro-schloesser.de<\/a><\/p>\n","protected":false},"excerpt":{"rendered":"<p>Elektrotechnik Schl\u00f6sser Alte Pastoratstra\u00dfe 11-15 \u2022 47877 Willich-Schiefbahn Telefon 0 21 54 \/ 53 88 \u2022\u00a0 Telefax 0 21 54 \/ 81 10 57 Mobil 01 77 \/ 2 36 54 21 Email: info@elektro-schloesser.de<\/p>\n","protected":false},"author":1,"featured_media":0,"parent":0,"menu_order":0,"comment_status":"closed","ping_status":"open","template":"","meta":[],"yoast_head":"<!-- This site is optimized with the Yoast SEO plugin v19.12 - https:\/\/yoast.com\/wordpress\/plugins\/seo\/ -->\n<title>Startseite - Elektrotechnik Schl\u00f6sser<\/title>\n<meta name=\"robots\" content=\"index, follow, max-snippet:-1, max-image-preview:large, max-video-preview:-1\" \/>\n<link rel=\"canonical\" href=\"https:\/\/elektro-schloesser.de\/\" \/>\n<meta property=\"og:locale\" content=\"de_DE\" \/>\n<meta property=\"og:type\" content=\"article\" \/>\n<meta property=\"og:title\" content=\"Startseite - Elektrotechnik Schl\u00f6sser\" \/>\n<meta property=\"og:description\" content=\"Elektrotechnik Schl\u00f6sser Alte Pastoratstra\u00dfe 11-15 \u2022 47877 Willich-Schiefbahn Telefon 0 21 54 \/ 53 88 \u2022\u00a0 Telefax 0 21 54 \/ 81 10 57 Mobil 01 77 \/ 2 36 54 21 Email: info@elektro-schloesser.de\" \/>\n<meta property=\"og:url\" content=\"https:\/\/elektro-schloesser.de\/\" \/>\n<meta property=\"og:site_name\" content=\"Elektrotechnik Schl\u00f6sser\" \/>\n<meta property=\"article:modified_time\" content=\"2019-08-21T18:37:10+00:00\" \/>\n<meta name=\"twitter:card\" content=\"summary_large_image\" \/>\n<script type=\"application\/ld+json\" class=\"yoast-schema-graph\">{\"@context\":\"https:\/\/schema.org\",\"@graph\":[{\"@type\":\"WebPage\",\"@id\":\"https:\/\/elektro-schloesser.de\/\",\"url\":\"https:\/\/elektro-schloesser.de\/\",\"name\":\"Startseite - Elektrotechnik Schl\u00f6sser\",\"isPartOf\":{\"@id\":\"https:\/\/elektro-schloesser.de\/#website\"},\"datePublished\":\"2019-08-18T18:37:14+00:00\",\"dateModified\":\"2019-08-21T18:37:10+00:00\",\"breadcrumb\":{\"@id\":\"https:\/\/elektro-schloesser.de\/#breadcrumb\"},\"inLanguage\":\"de\",\"potentialAction\":[{\"@type\":\"ReadAction\",\"target\":[\"https:\/\/elektro-schloesser.de\/\"]}]},{\"@type\":\"BreadcrumbList\",\"@id\":\"https:\/\/elektro-schloesser.de\/#breadcrumb\",\"itemListElement\":[{\"@type\":\"ListItem\",\"position\":1,\"name\":\"Home\",\"item\":\"https:\/\/elektro-schloesser.de\/\"},{\"@type\":\"ListItem\",\"position\":2,\"name\":\"Startseite\"}]},{\"@type\":\"WebSite\",\"@id\":\"https:\/\/elektro-schloesser.de\/#website\",\"url\":\"https:\/\/elektro-schloesser.de\/\",\"name\":\"Elektrotechnik Schl\u00f6sser\",\"description\":\"Elektrotechnik Meisterbetrieb\",\"potentialAction\":[{\"@type\":\"SearchAction\",\"target\":{\"@type\":\"EntryPoint\",\"urlTemplate\":\"https:\/\/elektro-schloesser.de\/?s={search_term_string}\"},\"query-input\":\"required name=search_term_string\"}],\"inLanguage\":\"de\"}]}<\/script>\n<!-- \/ Yoast SEO plugin. -->","yoast_head_json":{"title":"Startseite - Elektrotechnik Schl\u00f6sser","robots":{"index":"index","follow":"follow","max-snippet":"max-snippet:-1","max-image-preview":"max-image-preview:large","max-video-preview":"max-video-preview:-1"},"canonical":"https:\/\/elektro-schloesser.de\/","og_locale":"de_DE","og_type":"article","og_title":"Startseite - Elektrotechnik Schl\u00f6sser","og_description":"Elektrotechnik Schl\u00f6sser Alte Pastoratstra\u00dfe 11-15 \u2022 47877 Willich-Schiefbahn Telefon 0 21 54 \/ 53 88 \u2022\u00a0 Telefax 0 21 54 \/ 81 10 57 Mobil 01 77 \/ 2 36 54 21 Email: info@elektro-schloesser.de","og_url":"https:\/\/elektro-schloesser.de\/","og_site_name":"Elektrotechnik Schl\u00f6sser","article_modified_time":"2019-08-21T18:37:10+00:00","twitter_card":"summary_large_image","schema":{"@context":"https:\/\/schema.org","@graph":[{"@type":"WebPage","@id":"https:\/\/elektro-schloesser.de\/","url":"https:\/\/elektro-schloesser.de\/","name":"Startseite - Elektrotechnik Schl\u00f6sser","isPartOf":{"@id":"https:\/\/elektro-schloesser.de\/#website"},"datePublished":"2019-08-18T18:37:14+00:00","dateModified":"2019-08-21T18:37:10+00:00","breadcrumb":{"@id":"https:\/\/elektro-schloesser.de\/#breadcrumb"},"inLanguage":"de","potentialAction":[{"@type":"ReadAction","target":["https:\/\/elektro-schloesser.de\/"]}]},{"@type":"BreadcrumbList","@id":"https:\/\/elektro-schloesser.de\/#breadcrumb","itemListElement":[{"@type":"ListItem","position":1,"name":"Home","item":"https:\/\/elektro-schloesser.de\/"},{"@type":"ListItem","position":2,"name":"Startseite"}]},{"@type":"WebSite","@id":"https:\/\/elektro-schloesser.de\/#website","url":"https:\/\/elektro-schloesser.de\/","name":"Elektrotechnik Schl\u00f6sser","description":"Elektrotechnik Meisterbetrieb","potentialAction":[{"@type":"SearchAction","target":{"@type":"EntryPoint","urlTemplate":"https:\/\/elektro-schloesser.de\/?s={search_term_string}"},"query-input":"required name=search_term_string"}],"inLanguage":"de"}]}},"_links":{"self":[{"href":"https:\/\/elektro-schloesser.de\/index.php\/wp-json\/wp\/v2\/pages\/2"}],"collection":[{"href":"https:\/\/elektro-schloesser.de\/index.php\/wp-json\/wp\/v2\/pages"}],"about":[{"href":"https:\/\/elektro-schloesser.de\/index.php\/wp-json\/wp\/v2\/types\/page"}],"author":[{"embeddable":true,"href":"https:\/\/elektro-schloesser.de\/index.php\/wp-json\/wp\/v2\/users\/1"}],"replies":[{"embeddable":true,"href":"https:\/\/elektro-schloesser.de\/index.php\/wp-json\/wp\/v2\/comments?post=2"}],"version-history":[{"count":3,"href":"https:\/\/elektro-schloesser.de\/index.php\/wp-json\/wp\/v2\/pages\/2\/revisions"}],"predecessor-version":[{"id":96,"href":"https:\/\/elektro-schloesser.de\/index.php\/wp-json\/wp\/v2\/pages\/2\/revisions\/96"}],"wp:attachment":[{"href":"https:\/\/elektro-schloesser.de\/index.php\/wp-json\/wp\/v2\/media?parent=2"}],"curies":[{"name":"wp","href":"https:\/\/api.w.org\/{rel}","templated":true}]}}