{"id":23,"date":"2019-08-18T19:57:29","date_gmt":"2019-08-18T19:57:29","guid":{"rendered":"https:\/\/elektro-schloesser.de\/?page_id=23"},"modified":"2019-08-18T22:06:01","modified_gmt":"2019-08-18T22:06:01","slug":"historie","status":"publish","type":"page","link":"https:\/\/elektro-schloesser.de\/index.php\/historie\/","title":{"rendered":"Historie"},"content":{"rendered":"\n<h2>Die urspr\u00fcngliche Firma Willy Schl\u00f6sser Elektroanlagen wurde 1946 in Schiefbahn gegr\u00fcndet. 1967 \u00fcbernahm sein Sohn Karl-Heinz Schl\u00f6sser die Betriebsleitung und benannte das Unternehmen in Elektro-Schl\u00f6sser um. Am 02.01.1998 schlie\u00dflich wurde die Firma an dessen Sohn Frank Schl\u00f6sser \u00fcbergeben. <\/h2>\n\n\n\n<div class=\"wp-block-image\"><figure class=\"aligncenter\"><img decoding=\"async\" loading=\"lazy\" width=\"350\" height=\"258\" src=\"https:\/\/elektro-schloesser.de\/wp-content\/uploads\/2019\/08\/Ladenfront.jpg\" alt=\"\" class=\"wp-image-25\" srcset=\"https:\/\/elektro-schloesser.de\/wp-content\/uploads\/2019\/08\/Ladenfront.jpg 350w, https:\/\/elektro-schloesser.de\/wp-content\/uploads\/2019\/08\/Ladenfront-300x221.jpg 300w\" sizes=\"(max-width: 350px) 100vw, 350px\" \/><\/figure><\/div>\n","protected":false},"excerpt":{"rendered":"<p>Die urspr\u00fcngliche Firma Willy Schl\u00f6sser Elektroanlagen wurde 1946 in Schiefbahn gegr\u00fcndet. 1967 \u00fcbernahm sein Sohn Karl-Heinz Schl\u00f6sser die Betriebsleitung und benannte das Unternehmen in Elektro-Schl\u00f6sser um. Am 02.01.1998 schlie\u00dflich wurde die Firma an dessen Sohn Frank Schl\u00f6sser \u00fcbergeben.<\/p>\n","protected":false},"author":1,"featured_media":77,"parent":0,"menu_order":0,"comment_status":"closed","ping_status":"closed","template":"","meta":[],"yoast_head":"<!-- This site is optimized with the Yoast SEO plugin v19.12 - https:\/\/yoast.com\/wordpress\/plugins\/seo\/ -->\n<title>Historie - Elektrotechnik Schl\u00f6sser<\/title>\n<meta name=\"robots\" content=\"index, follow, max-snippet:-1, max-image-preview:large, max-video-preview:-1\" \/>\n<link rel=\"canonical\" href=\"https:\/\/elektro-schloesser.de\/index.php\/historie\/\" \/>\n<meta property=\"og:locale\" content=\"de_DE\" \/>\n<meta property=\"og:type\" content=\"article\" \/>\n<meta property=\"og:title\" content=\"Historie - Elektrotechnik Schl\u00f6sser\" \/>\n<meta property=\"og:description\" content=\"Die urspr\u00fcngliche Firma Willy Schl\u00f6sser Elektroanlagen wurde 1946 in Schiefbahn gegr\u00fcndet. 1967 \u00fcbernahm sein Sohn Karl-Heinz Schl\u00f6sser die Betriebsleitung und benannte das Unternehmen in Elektro-Schl\u00f6sser um. Am 02.01.1998 schlie\u00dflich wurde die Firma an dessen Sohn Frank Schl\u00f6sser \u00fcbergeben.\" \/>\n<meta property=\"og:url\" content=\"https:\/\/elektro-schloesser.de\/index.php\/historie\/\" \/>\n<meta property=\"og:site_name\" content=\"Elektrotechnik Schl\u00f6sser\" \/>\n<meta property=\"article:modified_time\" content=\"2019-08-18T22:06:01+00:00\" \/>\n<meta property=\"og:image\" content=\"https:\/\/elektro-schloesser.de\/wp-content\/uploads\/2019\/08\/ZWEITE-SEITE-2.jpg\" \/>\n\t<meta property=\"og:image:width\" content=\"1170\" \/>\n\t<meta property=\"og:image:height\" content=\"781\" \/>\n\t<meta property=\"og:image:type\" content=\"image\/jpeg\" \/>\n<meta name=\"twitter:card\" content=\"summary_large_image\" \/>\n<script type=\"application\/ld+json\" class=\"yoast-schema-graph\">{\"@context\":\"https:\/\/schema.org\",\"@graph\":[{\"@type\":\"WebPage\",\"@id\":\"https:\/\/elektro-schloesser.de\/index.php\/historie\/\",\"url\":\"https:\/\/elektro-schloesser.de\/index.php\/historie\/\",\"name\":\"Historie - Elektrotechnik Schl\u00f6sser\",\"isPartOf\":{\"@id\":\"https:\/\/elektro-schloesser.de\/#website\"},\"datePublished\":\"2019-08-18T19:57:29+00:00\",\"dateModified\":\"2019-08-18T22:06:01+00:00\",\"breadcrumb\":{\"@id\":\"https:\/\/elektro-schloesser.de\/index.php\/historie\/#breadcrumb\"},\"inLanguage\":\"de\",\"potentialAction\":[{\"@type\":\"ReadAction\",\"target\":[\"https:\/\/elektro-schloesser.de\/index.php\/historie\/\"]}]},{\"@type\":\"BreadcrumbList\",\"@id\":\"https:\/\/elektro-schloesser.de\/index.php\/historie\/#breadcrumb\",\"itemListElement\":[{\"@type\":\"ListItem\",\"position\":1,\"name\":\"Home\",\"item\":\"https:\/\/elektro-schloesser.de\/\"},{\"@type\":\"ListItem\",\"position\":2,\"name\":\"Historie\"}]},{\"@type\":\"WebSite\",\"@id\":\"https:\/\/elektro-schloesser.de\/#website\",\"url\":\"https:\/\/elektro-schloesser.de\/\",\"name\":\"Elektrotechnik Schl\u00f6sser\",\"description\":\"Elektrotechnik Meisterbetrieb\",\"potentialAction\":[{\"@type\":\"SearchAction\",\"target\":{\"@type\":\"EntryPoint\",\"urlTemplate\":\"https:\/\/elektro-schloesser.de\/?s={search_term_string}\"},\"query-input\":\"required name=search_term_string\"}],\"inLanguage\":\"de\"}]}<\/script>\n<!-- \/ Yoast SEO plugin. -->","yoast_head_json":{"title":"Historie - Elektrotechnik Schl\u00f6sser","robots":{"index":"index","follow":"follow","max-snippet":"max-snippet:-1","max-image-preview":"max-image-preview:large","max-video-preview":"max-video-preview:-1"},"canonical":"https:\/\/elektro-schloesser.de\/index.php\/historie\/","og_locale":"de_DE","og_type":"article","og_title":"Historie - Elektrotechnik Schl\u00f6sser","og_description":"Die urspr\u00fcngliche Firma Willy Schl\u00f6sser Elektroanlagen wurde 1946 in Schiefbahn gegr\u00fcndet. 1967 \u00fcbernahm sein Sohn Karl-Heinz Schl\u00f6sser die Betriebsleitung und benannte das Unternehmen in Elektro-Schl\u00f6sser um. Am 02.01.1998 schlie\u00dflich wurde die Firma an dessen Sohn Frank Schl\u00f6sser \u00fcbergeben.","og_url":"https:\/\/elektro-schloesser.de\/index.php\/historie\/","og_site_name":"Elektrotechnik Schl\u00f6sser","article_modified_time":"2019-08-18T22:06:01+00:00","og_image":[{"width":1170,"height":781,"url":"https:\/\/elektro-schloesser.de\/wp-content\/uploads\/2019\/08\/ZWEITE-SEITE-2.jpg","type":"image\/jpeg"}],"twitter_card":"summary_large_image","schema":{"@context":"https:\/\/schema.org","@graph":[{"@type":"WebPage","@id":"https:\/\/elektro-schloesser.de\/index.php\/historie\/","url":"https:\/\/elektro-schloesser.de\/index.php\/historie\/","name":"Historie - Elektrotechnik Schl\u00f6sser","isPartOf":{"@id":"https:\/\/elektro-schloesser.de\/#website"},"datePublished":"2019-08-18T19:57:29+00:00","dateModified":"2019-08-18T22:06:01+00:00","breadcrumb":{"@id":"https:\/\/elektro-schloesser.de\/index.php\/historie\/#breadcrumb"},"inLanguage":"de","potentialAction":[{"@type":"ReadAction","target":["https:\/\/elektro-schloesser.de\/index.php\/historie\/"]}]},{"@type":"BreadcrumbList","@id":"https:\/\/elektro-schloesser.de\/index.php\/historie\/#breadcrumb","itemListElement":[{"@type":"ListItem","position":1,"name":"Home","item":"https:\/\/elektro-schloesser.de\/"},{"@type":"ListItem","position":2,"name":"Historie"}]},{"@type":"WebSite","@id":"https:\/\/elektro-schloesser.de\/#website","url":"https:\/\/elektro-schloesser.de\/","name":"Elektrotechnik Schl\u00f6sser","description":"Elektrotechnik Meisterbetrieb","potentialAction":[{"@type":"SearchAction","target":{"@type":"EntryPoint","urlTemplate":"https:\/\/elektro-schloesser.de\/?s={search_term_string}"},"query-input":"required name=search_term_string"}],"inLanguage":"de"}]}},"_links":{"self":[{"href":"https:\/\/elektro-schloesser.de\/index.php\/wp-json\/wp\/v2\/pages\/23"}],"collection":[{"href":"https:\/\/elektro-schloesser.de\/index.php\/wp-json\/wp\/v2\/pages"}],"about":[{"href":"https:\/\/elektro-schloesser.de\/index.php\/wp-json\/wp\/v2\/types\/page"}],"author":[{"embeddable":true,"href":"https:\/\/elektro-schloesser.de\/index.php\/wp-json\/wp\/v2\/users\/1"}],"replies":[{"embeddable":true,"href":"https:\/\/elektro-schloesser.de\/index.php\/wp-json\/wp\/v2\/comments?post=23"}],"version-history":[{"count":2,"href":"https:\/\/elektro-schloesser.de\/index.php\/wp-json\/wp\/v2\/pages\/23\/revisions"}],"predecessor-version":[{"id":26,"href":"https:\/\/elektro-schloesser.de\/index.php\/wp-json\/wp\/v2\/pages\/23\/revisions\/26"}],"wp:featuredmedia":[{"embeddable":true,"href":"https:\/\/elektro-schloesser.de\/index.php\/wp-json\/wp\/v2\/media\/77"}],"wp:attachment":[{"href":"https:\/\/elektro-schloesser.de\/index.php\/wp-json\/wp\/v2\/media?parent=23"}],"curies":[{"name":"wp","href":"https:\/\/api.w.org\/{rel}","templated":true}]}}