{"id":31,"date":"2019-08-18T20:15:55","date_gmt":"2019-08-18T20:15:55","guid":{"rendered":"https:\/\/elektro-schloesser.de\/?page_id=31"},"modified":"2019-08-18T20:15:58","modified_gmt":"2019-08-18T20:15:58","slug":"firmenphilosophie","status":"publish","type":"page","link":"https:\/\/elektro-schloesser.de\/index.php\/firmenphilosophie\/","title":{"rendered":"Firmenphilosophie"},"content":{"rendered":"\n<h2>Die Fa. Elektro Schl\u00f6sser bietet den Vorteil des direkten Kontaktes der Kunden mit dem Inhabern, er ist telefonisch immer erreichbar. Auf diese Weise ist eine direkte Terminvereinbarung problemlos m\u00f6glich.                Die auszuf\u00fchrenden Elektroarbeiten werden von Herrn Schl\u00f6sser pers\u00f6nlich durchgef\u00fchrt.               Missverst\u00e4ndnisse, die sich sonst aus dem Informationsfluss ergeben Kunde ruft an, Telefonist gibt es weiter an den Betriebsleiter, Betriebsleiter               gibt es weiter an den Meister, Meister gibt es weiter an den Gesellen, Geselle gibt es weiter an den Auszubildenten, k\u00f6nnen hier also gar nicht erst               auftreten. <\/h2>\n\n\n\n<div class=\"wp-block-image\"><figure class=\"aligncenter\"><img decoding=\"async\" loading=\"lazy\" width=\"350\" height=\"280\" src=\"https:\/\/elektro-schloesser.de\/wp-content\/uploads\/2019\/08\/einfahrt-2.jpg\" alt=\"\" class=\"wp-image-34\" srcset=\"https:\/\/elektro-schloesser.de\/wp-content\/uploads\/2019\/08\/einfahrt-2.jpg 350w, https:\/\/elektro-schloesser.de\/wp-content\/uploads\/2019\/08\/einfahrt-2-300x240.jpg 300w\" sizes=\"(max-width: 350px) 100vw, 350px\" \/><\/figure><\/div>\n","protected":false},"excerpt":{"rendered":"<p>Die Fa. Elektro Schl\u00f6sser bietet den Vorteil des direkten Kontaktes der Kunden mit dem Inhabern, er ist telefonisch immer erreichbar. Auf diese Weise ist eine direkte Terminvereinbarung problemlos m\u00f6glich. Die auszuf\u00fchrenden Elektroarbeiten werden von Herrn Schl\u00f6sser pers\u00f6nlich durchgef\u00fchrt. Missverst\u00e4ndnisse, die sich sonst aus dem Informationsfluss ergeben Kunde ruft an, Telefonist gibt es weiter an den &hellip; <\/p>\n<p class=\"link-more\"><a href=\"https:\/\/elektro-schloesser.de\/index.php\/firmenphilosophie\/\" class=\"more-link\"><span class=\"screen-reader-text\">\u201eFirmenphilosophie\u201c<\/span> weiterlesen<\/a><\/p>\n","protected":false},"author":1,"featured_media":0,"parent":0,"menu_order":0,"comment_status":"closed","ping_status":"closed","template":"","meta":[],"yoast_head":"<!-- This site is optimized with the Yoast SEO plugin v19.12 - https:\/\/yoast.com\/wordpress\/plugins\/seo\/ -->\n<title>Firmenphilosophie - Elektrotechnik Schl\u00f6sser<\/title>\n<meta name=\"robots\" content=\"index, follow, max-snippet:-1, max-image-preview:large, max-video-preview:-1\" \/>\n<link rel=\"canonical\" href=\"https:\/\/elektro-schloesser.de\/index.php\/firmenphilosophie\/\" \/>\n<meta property=\"og:locale\" content=\"de_DE\" \/>\n<meta property=\"og:type\" content=\"article\" \/>\n<meta property=\"og:title\" content=\"Firmenphilosophie - Elektrotechnik Schl\u00f6sser\" \/>\n<meta property=\"og:description\" content=\"Die Fa. Elektro Schl\u00f6sser bietet den Vorteil des direkten Kontaktes der Kunden mit dem Inhabern, er ist telefonisch immer erreichbar. Auf diese Weise ist eine direkte Terminvereinbarung problemlos m\u00f6glich. Die auszuf\u00fchrenden Elektroarbeiten werden von Herrn Schl\u00f6sser pers\u00f6nlich durchgef\u00fchrt. Missverst\u00e4ndnisse, die sich sonst aus dem Informationsfluss ergeben Kunde ruft an, Telefonist gibt es weiter an den &hellip; \u201eFirmenphilosophie\u201c weiterlesen\" \/>\n<meta property=\"og:url\" content=\"https:\/\/elektro-schloesser.de\/index.php\/firmenphilosophie\/\" \/>\n<meta property=\"og:site_name\" content=\"Elektrotechnik Schl\u00f6sser\" \/>\n<meta property=\"article:modified_time\" content=\"2019-08-18T20:15:58+00:00\" \/>\n<meta property=\"og:image\" content=\"https:\/\/elektro-schloesser.de\/wp-content\/uploads\/2019\/08\/einfahrt-2.jpg\" \/>\n<meta name=\"twitter:card\" content=\"summary_large_image\" \/>\n<script type=\"application\/ld+json\" class=\"yoast-schema-graph\">{\"@context\":\"https:\/\/schema.org\",\"@graph\":[{\"@type\":\"WebPage\",\"@id\":\"https:\/\/elektro-schloesser.de\/index.php\/firmenphilosophie\/\",\"url\":\"https:\/\/elektro-schloesser.de\/index.php\/firmenphilosophie\/\",\"name\":\"Firmenphilosophie - Elektrotechnik Schl\u00f6sser\",\"isPartOf\":{\"@id\":\"https:\/\/elektro-schloesser.de\/#website\"},\"datePublished\":\"2019-08-18T20:15:55+00:00\",\"dateModified\":\"2019-08-18T20:15:58+00:00\",\"breadcrumb\":{\"@id\":\"https:\/\/elektro-schloesser.de\/index.php\/firmenphilosophie\/#breadcrumb\"},\"inLanguage\":\"de\",\"potentialAction\":[{\"@type\":\"ReadAction\",\"target\":[\"https:\/\/elektro-schloesser.de\/index.php\/firmenphilosophie\/\"]}]},{\"@type\":\"BreadcrumbList\",\"@id\":\"https:\/\/elektro-schloesser.de\/index.php\/firmenphilosophie\/#breadcrumb\",\"itemListElement\":[{\"@type\":\"ListItem\",\"position\":1,\"name\":\"Home\",\"item\":\"https:\/\/elektro-schloesser.de\/\"},{\"@type\":\"ListItem\",\"position\":2,\"name\":\"Firmenphilosophie\"}]},{\"@type\":\"WebSite\",\"@id\":\"https:\/\/elektro-schloesser.de\/#website\",\"url\":\"https:\/\/elektro-schloesser.de\/\",\"name\":\"Elektrotechnik Schl\u00f6sser\",\"description\":\"Elektrotechnik Meisterbetrieb\",\"potentialAction\":[{\"@type\":\"SearchAction\",\"target\":{\"@type\":\"EntryPoint\",\"urlTemplate\":\"https:\/\/elektro-schloesser.de\/?s={search_term_string}\"},\"query-input\":\"required name=search_term_string\"}],\"inLanguage\":\"de\"}]}<\/script>\n<!-- \/ Yoast SEO plugin. -->","yoast_head_json":{"title":"Firmenphilosophie - Elektrotechnik Schl\u00f6sser","robots":{"index":"index","follow":"follow","max-snippet":"max-snippet:-1","max-image-preview":"max-image-preview:large","max-video-preview":"max-video-preview:-1"},"canonical":"https:\/\/elektro-schloesser.de\/index.php\/firmenphilosophie\/","og_locale":"de_DE","og_type":"article","og_title":"Firmenphilosophie - Elektrotechnik Schl\u00f6sser","og_description":"Die Fa. Elektro Schl\u00f6sser bietet den Vorteil des direkten Kontaktes der Kunden mit dem Inhabern, er ist telefonisch immer erreichbar. Auf diese Weise ist eine direkte Terminvereinbarung problemlos m\u00f6glich. Die auszuf\u00fchrenden Elektroarbeiten werden von Herrn Schl\u00f6sser pers\u00f6nlich durchgef\u00fchrt. Missverst\u00e4ndnisse, die sich sonst aus dem Informationsfluss ergeben Kunde ruft an, Telefonist gibt es weiter an den &hellip; \u201eFirmenphilosophie\u201c weiterlesen","og_url":"https:\/\/elektro-schloesser.de\/index.php\/firmenphilosophie\/","og_site_name":"Elektrotechnik Schl\u00f6sser","article_modified_time":"2019-08-18T20:15:58+00:00","og_image":[{"url":"https:\/\/elektro-schloesser.de\/wp-content\/uploads\/2019\/08\/einfahrt-2.jpg"}],"twitter_card":"summary_large_image","schema":{"@context":"https:\/\/schema.org","@graph":[{"@type":"WebPage","@id":"https:\/\/elektro-schloesser.de\/index.php\/firmenphilosophie\/","url":"https:\/\/elektro-schloesser.de\/index.php\/firmenphilosophie\/","name":"Firmenphilosophie - Elektrotechnik Schl\u00f6sser","isPartOf":{"@id":"https:\/\/elektro-schloesser.de\/#website"},"datePublished":"2019-08-18T20:15:55+00:00","dateModified":"2019-08-18T20:15:58+00:00","breadcrumb":{"@id":"https:\/\/elektro-schloesser.de\/index.php\/firmenphilosophie\/#breadcrumb"},"inLanguage":"de","potentialAction":[{"@type":"ReadAction","target":["https:\/\/elektro-schloesser.de\/index.php\/firmenphilosophie\/"]}]},{"@type":"BreadcrumbList","@id":"https:\/\/elektro-schloesser.de\/index.php\/firmenphilosophie\/#breadcrumb","itemListElement":[{"@type":"ListItem","position":1,"name":"Home","item":"https:\/\/elektro-schloesser.de\/"},{"@type":"ListItem","position":2,"name":"Firmenphilosophie"}]},{"@type":"WebSite","@id":"https:\/\/elektro-schloesser.de\/#website","url":"https:\/\/elektro-schloesser.de\/","name":"Elektrotechnik Schl\u00f6sser","description":"Elektrotechnik Meisterbetrieb","potentialAction":[{"@type":"SearchAction","target":{"@type":"EntryPoint","urlTemplate":"https:\/\/elektro-schloesser.de\/?s={search_term_string}"},"query-input":"required name=search_term_string"}],"inLanguage":"de"}]}},"_links":{"self":[{"href":"https:\/\/elektro-schloesser.de\/index.php\/wp-json\/wp\/v2\/pages\/31"}],"collection":[{"href":"https:\/\/elektro-schloesser.de\/index.php\/wp-json\/wp\/v2\/pages"}],"about":[{"href":"https:\/\/elektro-schloesser.de\/index.php\/wp-json\/wp\/v2\/types\/page"}],"author":[{"embeddable":true,"href":"https:\/\/elektro-schloesser.de\/index.php\/wp-json\/wp\/v2\/users\/1"}],"replies":[{"embeddable":true,"href":"https:\/\/elektro-schloesser.de\/index.php\/wp-json\/wp\/v2\/comments?post=31"}],"version-history":[{"count":1,"href":"https:\/\/elektro-schloesser.de\/index.php\/wp-json\/wp\/v2\/pages\/31\/revisions"}],"predecessor-version":[{"id":35,"href":"https:\/\/elektro-schloesser.de\/index.php\/wp-json\/wp\/v2\/pages\/31\/revisions\/35"}],"wp:attachment":[{"href":"https:\/\/elektro-schloesser.de\/index.php\/wp-json\/wp\/v2\/media?parent=31"}],"curies":[{"name":"wp","href":"https:\/\/api.w.org\/{rel}","templated":true}]}}