{"id":64,"date":"2019-08-18T21:28:07","date_gmt":"2019-08-18T21:28:07","guid":{"rendered":"https:\/\/elektro-schloesser.de\/?page_id=64"},"modified":"2019-08-18T21:28:09","modified_gmt":"2019-08-18T21:28:09","slug":"unsere-schwerpunkte","status":"publish","type":"page","link":"https:\/\/elektro-schloesser.de\/index.php\/unsere-schwerpunkte\/","title":{"rendered":"Unsere Schwerpunkte"},"content":{"rendered":"\n<h2><strong>Elektroinstallation <\/strong><\/h2>\n\n\n\n<h2>Wir erledigen die Komplettinstallation von Alt- oder Neubauten aller Art. Von der Steckdose, \u00fcber die Telefonleitungen, Sprechanlagen, Auf- oder Unterputzinstallation usw. Bis zum Z\u00e4hlerantrag bieten wir alle Leistungen an. Auch kleine oder gro\u00dfe Renovierungsarbeiten geh\u00f6ren zu unserem Aufgabengebiet. <\/h2>\n\n\n\n<p><strong>Produktfirmen:<br>\n              z.B. Gira, Busch-J\u00e4ger, Berker, Merten, Jung, Hager-Tehalit, OBO, ABB,<br>\n              AEG, Theben, Siedle, STR, und viele andere&#8230;.<\/strong><\/p>\n\n\n\n<h2><strong>Elektroger\u00e4te <\/strong><\/h2>\n\n\n\n<h2>Sie erhalten bei uns s\u00e4mtliche Arten von Leuchtmittel, Sicherungen, Batterien und vieles Mehr&#8230;.               <br>Kleinger\u00e4te wie Toaster, B\u00fcgeleisen, Heizdecken,  Rasierapparate oder auch Gro\u00dfger\u00e4te wie Waschmaschinen,  Trockner, E-Herde, K\u00fchlschr\u00e4nke usw.  sind in unserem  Lieferprogramm. Selbstverst\u00e4ndlich liefern wir die Gro\u00dfger\u00e4te frei Haus und entsorgen umweltgerecht gleichzeitig Ihre                Altger\u00e4te.  <\/h2>\n\n\n\n<p><strong>Produktfirmen:<br>\n              z.B. Miele, AEG, Liebherr, Seppelfricke, Juno, Stiebel Eltron, Krups, Braun.<\/strong><\/p>\n\n\n\n<h2><strong>Reparaturen &#8211; St\u00f6rungsbeseitigung<\/strong><\/h2>\n\n\n\n<h2><strong>Kein Licht? Kein Strom? Elektroger\u00e4t defekt? <\/strong><br><strong>Wir beseitigen jede Art von Elektrost\u00f6rung und kommen auch f\u00fcr eine defekte Gl\u00fchlampe.<\/strong><\/h2>\n","protected":false},"excerpt":{"rendered":"<p>Elektroinstallation Wir erledigen die Komplettinstallation von Alt- oder Neubauten aller Art. Von der Steckdose, \u00fcber die Telefonleitungen, Sprechanlagen, Auf- oder Unterputzinstallation usw. Bis zum Z\u00e4hlerantrag bieten wir alle Leistungen an. Auch kleine oder gro\u00dfe Renovierungsarbeiten geh\u00f6ren zu unserem Aufgabengebiet. Produktfirmen: z.B. Gira, Busch-J\u00e4ger, Berker, Merten, Jung, Hager-Tehalit, OBO, ABB, AEG, Theben, Siedle, STR, und viele &hellip; <\/p>\n<p class=\"link-more\"><a href=\"https:\/\/elektro-schloesser.de\/index.php\/unsere-schwerpunkte\/\" class=\"more-link\"><span class=\"screen-reader-text\">\u201eUnsere Schwerpunkte\u201c<\/span> weiterlesen<\/a><\/p>\n","protected":false},"author":1,"featured_media":0,"parent":0,"menu_order":0,"comment_status":"closed","ping_status":"closed","template":"","meta":[],"yoast_head":"<!-- This site is optimized with the Yoast SEO plugin v19.12 - https:\/\/yoast.com\/wordpress\/plugins\/seo\/ -->\n<title>Unsere Schwerpunkte - Elektrotechnik Schl\u00f6sser<\/title>\n<meta name=\"robots\" content=\"index, follow, max-snippet:-1, max-image-preview:large, max-video-preview:-1\" \/>\n<link rel=\"canonical\" href=\"https:\/\/elektro-schloesser.de\/index.php\/unsere-schwerpunkte\/\" \/>\n<meta property=\"og:locale\" content=\"de_DE\" \/>\n<meta property=\"og:type\" content=\"article\" \/>\n<meta property=\"og:title\" content=\"Unsere Schwerpunkte - Elektrotechnik Schl\u00f6sser\" \/>\n<meta property=\"og:description\" content=\"Elektroinstallation Wir erledigen die Komplettinstallation von Alt- oder Neubauten aller Art. Von der Steckdose, \u00fcber die Telefonleitungen, Sprechanlagen, Auf- oder Unterputzinstallation usw. Bis zum Z\u00e4hlerantrag bieten wir alle Leistungen an. Auch kleine oder gro\u00dfe Renovierungsarbeiten geh\u00f6ren zu unserem Aufgabengebiet. Produktfirmen: z.B. Gira, Busch-J\u00e4ger, Berker, Merten, Jung, Hager-Tehalit, OBO, ABB, AEG, Theben, Siedle, STR, und viele &hellip; \u201eUnsere Schwerpunkte\u201c weiterlesen\" \/>\n<meta property=\"og:url\" content=\"https:\/\/elektro-schloesser.de\/index.php\/unsere-schwerpunkte\/\" \/>\n<meta property=\"og:site_name\" content=\"Elektrotechnik Schl\u00f6sser\" \/>\n<meta property=\"article:modified_time\" content=\"2019-08-18T21:28:09+00:00\" \/>\n<meta name=\"twitter:card\" content=\"summary_large_image\" \/>\n<meta name=\"twitter:label1\" content=\"Gesch\u00e4tzte Lesezeit\" \/>\n\t<meta name=\"twitter:data1\" content=\"1\u00a0Minute\" \/>\n<script type=\"application\/ld+json\" class=\"yoast-schema-graph\">{\"@context\":\"https:\/\/schema.org\",\"@graph\":[{\"@type\":\"WebPage\",\"@id\":\"https:\/\/elektro-schloesser.de\/index.php\/unsere-schwerpunkte\/\",\"url\":\"https:\/\/elektro-schloesser.de\/index.php\/unsere-schwerpunkte\/\",\"name\":\"Unsere Schwerpunkte - Elektrotechnik Schl\u00f6sser\",\"isPartOf\":{\"@id\":\"https:\/\/elektro-schloesser.de\/#website\"},\"datePublished\":\"2019-08-18T21:28:07+00:00\",\"dateModified\":\"2019-08-18T21:28:09+00:00\",\"breadcrumb\":{\"@id\":\"https:\/\/elektro-schloesser.de\/index.php\/unsere-schwerpunkte\/#breadcrumb\"},\"inLanguage\":\"de\",\"potentialAction\":[{\"@type\":\"ReadAction\",\"target\":[\"https:\/\/elektro-schloesser.de\/index.php\/unsere-schwerpunkte\/\"]}]},{\"@type\":\"BreadcrumbList\",\"@id\":\"https:\/\/elektro-schloesser.de\/index.php\/unsere-schwerpunkte\/#breadcrumb\",\"itemListElement\":[{\"@type\":\"ListItem\",\"position\":1,\"name\":\"Home\",\"item\":\"https:\/\/elektro-schloesser.de\/\"},{\"@type\":\"ListItem\",\"position\":2,\"name\":\"Unsere Schwerpunkte\"}]},{\"@type\":\"WebSite\",\"@id\":\"https:\/\/elektro-schloesser.de\/#website\",\"url\":\"https:\/\/elektro-schloesser.de\/\",\"name\":\"Elektrotechnik Schl\u00f6sser\",\"description\":\"Elektrotechnik Meisterbetrieb\",\"potentialAction\":[{\"@type\":\"SearchAction\",\"target\":{\"@type\":\"EntryPoint\",\"urlTemplate\":\"https:\/\/elektro-schloesser.de\/?s={search_term_string}\"},\"query-input\":\"required name=search_term_string\"}],\"inLanguage\":\"de\"}]}<\/script>\n<!-- \/ Yoast SEO plugin. -->","yoast_head_json":{"title":"Unsere Schwerpunkte - Elektrotechnik Schl\u00f6sser","robots":{"index":"index","follow":"follow","max-snippet":"max-snippet:-1","max-image-preview":"max-image-preview:large","max-video-preview":"max-video-preview:-1"},"canonical":"https:\/\/elektro-schloesser.de\/index.php\/unsere-schwerpunkte\/","og_locale":"de_DE","og_type":"article","og_title":"Unsere Schwerpunkte - Elektrotechnik Schl\u00f6sser","og_description":"Elektroinstallation Wir erledigen die Komplettinstallation von Alt- oder Neubauten aller Art. Von der Steckdose, \u00fcber die Telefonleitungen, Sprechanlagen, Auf- oder Unterputzinstallation usw. Bis zum Z\u00e4hlerantrag bieten wir alle Leistungen an. Auch kleine oder gro\u00dfe Renovierungsarbeiten geh\u00f6ren zu unserem Aufgabengebiet. Produktfirmen: z.B. Gira, Busch-J\u00e4ger, Berker, Merten, Jung, Hager-Tehalit, OBO, ABB, AEG, Theben, Siedle, STR, und viele &hellip; \u201eUnsere Schwerpunkte\u201c weiterlesen","og_url":"https:\/\/elektro-schloesser.de\/index.php\/unsere-schwerpunkte\/","og_site_name":"Elektrotechnik Schl\u00f6sser","article_modified_time":"2019-08-18T21:28:09+00:00","twitter_card":"summary_large_image","twitter_misc":{"Gesch\u00e4tzte Lesezeit":"1\u00a0Minute"},"schema":{"@context":"https:\/\/schema.org","@graph":[{"@type":"WebPage","@id":"https:\/\/elektro-schloesser.de\/index.php\/unsere-schwerpunkte\/","url":"https:\/\/elektro-schloesser.de\/index.php\/unsere-schwerpunkte\/","name":"Unsere Schwerpunkte - Elektrotechnik Schl\u00f6sser","isPartOf":{"@id":"https:\/\/elektro-schloesser.de\/#website"},"datePublished":"2019-08-18T21:28:07+00:00","dateModified":"2019-08-18T21:28:09+00:00","breadcrumb":{"@id":"https:\/\/elektro-schloesser.de\/index.php\/unsere-schwerpunkte\/#breadcrumb"},"inLanguage":"de","potentialAction":[{"@type":"ReadAction","target":["https:\/\/elektro-schloesser.de\/index.php\/unsere-schwerpunkte\/"]}]},{"@type":"BreadcrumbList","@id":"https:\/\/elektro-schloesser.de\/index.php\/unsere-schwerpunkte\/#breadcrumb","itemListElement":[{"@type":"ListItem","position":1,"name":"Home","item":"https:\/\/elektro-schloesser.de\/"},{"@type":"ListItem","position":2,"name":"Unsere Schwerpunkte"}]},{"@type":"WebSite","@id":"https:\/\/elektro-schloesser.de\/#website","url":"https:\/\/elektro-schloesser.de\/","name":"Elektrotechnik Schl\u00f6sser","description":"Elektrotechnik Meisterbetrieb","potentialAction":[{"@type":"SearchAction","target":{"@type":"EntryPoint","urlTemplate":"https:\/\/elektro-schloesser.de\/?s={search_term_string}"},"query-input":"required name=search_term_string"}],"inLanguage":"de"}]}},"_links":{"self":[{"href":"https:\/\/elektro-schloesser.de\/index.php\/wp-json\/wp\/v2\/pages\/64"}],"collection":[{"href":"https:\/\/elektro-schloesser.de\/index.php\/wp-json\/wp\/v2\/pages"}],"about":[{"href":"https:\/\/elektro-schloesser.de\/index.php\/wp-json\/wp\/v2\/types\/page"}],"author":[{"embeddable":true,"href":"https:\/\/elektro-schloesser.de\/index.php\/wp-json\/wp\/v2\/users\/1"}],"replies":[{"embeddable":true,"href":"https:\/\/elektro-schloesser.de\/index.php\/wp-json\/wp\/v2\/comments?post=64"}],"version-history":[{"count":5,"href":"https:\/\/elektro-schloesser.de\/index.php\/wp-json\/wp\/v2\/pages\/64\/revisions"}],"predecessor-version":[{"id":69,"href":"https:\/\/elektro-schloesser.de\/index.php\/wp-json\/wp\/v2\/pages\/64\/revisions\/69"}],"wp:attachment":[{"href":"https:\/\/elektro-schloesser.de\/index.php\/wp-json\/wp\/v2\/media?parent=64"}],"curies":[{"name":"wp","href":"https:\/\/api.w.org\/{rel}","templated":true}]}}