{"id":80,"date":"2019-08-19T18:04:59","date_gmt":"2019-08-19T18:04:59","guid":{"rendered":"https:\/\/elektro-schloesser.de\/?page_id=80"},"modified":"2019-08-19T18:05:02","modified_gmt":"2019-08-19T18:05:02","slug":"dsgvo","status":"publish","type":"page","link":"https:\/\/elektro-schloesser.de\/index.php\/dsgvo\/","title":{"rendered":"DSGVO"},"content":{"rendered":"\n<font face=\"Verdana, Arial, Helvetica, sans-serif\" size=\"2\">\n<h2>Datenschutzerkl\u00e4rung<\/h2>\n<br>\n<br>\n\n<b>Geltungsbereich<\/b><br \/>\n\nDiese Datenschutzerkl\u00e4rung kl\u00e4rt Nutzer \u00fcber die Art, den Umfang und Zwecke der Erhebung und Verwendung personenbezogener Daten durch den verantwortlichen Anbieter Gesch\u00e4ftsangaben auf dieser Website (im folgenden \u201cAngebot\u201d) auf.<br \/>\nDie rechtlichen Grundlagen des Datenschutzes finden sich im Bundesdatenschutzgesetz (BDSG) und dem Telemediengesetz (TMG).<br \/><br \/>\n\n<b>Datenschutz<\/b><br \/>\n\nDie Betreiber dieser Seiten nehmen den Schutz Ihrer pers\u00f6nlichen Daten sehr ernst. Wir behandeln Ihre personenbezogenen Daten vertraulich und entsprechend der gesetzlichen Datenschutzvorschriften sowie dieser Datenschutzerkl\u00e4rung.\nDie Nutzung unserer Webseite ist in der Regel ohne Angabe personenbezogener Daten m\u00f6glich. Soweit auf unseren Seiten personenbezogene Daten (beispielsweise Name, Anschrift oder E-Mail-Adressen) erhoben werden, erfolgt dies, soweit m\u00f6glich, stets auf freiwilliger Basis. Diese Daten werden ohne Ihre ausdr\u00fcckliche Zustimmung nicht an Dritte weitergegeben.\nWir weisen darauf hin, dass die Daten\u00fcbertragung im Internet (z. B. bei der Kommunikation per E-Mail) Sicherheitsl\u00fccken aufweisen kann. Ein l\u00fcckenloser Schutz der Daten vor dem Zugriff durch Dritte ist nicht m\u00f6glich.\n<br \/><br \/>\n\n<b>Cookies<\/b><br \/>\n\nDie Internetseiten verwenden teilweise so genannte Cookies. Cookies richten auf Ihrem Rechner keinen Schaden an und enthalten keine Viren. Cookies dienen dazu, unser Angebot nutzerfreundlicher, effektiver und sicherer zu machen. Cookies sind kleine Textdateien, die auf Ihrem Rechner abgelegt werden und die Ihr Browser speichert.\nDie meisten der von uns verwendeten Cookies sind so genannte \u201eSession-Cookies\u201c. Sie werden nach Ende Ihres Besuchs automatisch gel\u00f6scht. Andere Cookies bleiben auf Ihrem Endger\u00e4t gespeichert, bis Sie diese l\u00f6schen. Diese Cookies erm\u00f6glichen es uns, Ihren Browser beim n\u00e4chsten Besuch wiederzuerkennen.\nSie k\u00f6nnen Ihren Browser so einstellen, dass Sie \u00fcber das Setzen von Cookies informiert werden und Cookies nur im Einzelfall erlauben, die Annahme von Cookies f\u00fcr bestimmte F\u00e4lle oder generell ausschlie\u00dfen sowie das automatische L\u00f6schen der Cookies beim Schlie\u00dfen des Browser aktivieren. Bei der Deaktivierung von Cookies kann die Funktionalit\u00e4t dieser Website eingeschr\u00e4nkt sein.\n<br \/><br \/>\n\n<b>Server-Log-Files<\/b><br \/>\n\nDer Provider der Seiten erhebt und speichert automatisch Informationen in so genannten Server-Log Files, die Ihr Browser automatisch an uns \u00fcbermittelt. Dies sind:\n\u2022\tBrowsertyp\/ Browserversion\n\u2022\tverwendetes Betriebssystem\n\u2022\tReferrer URL\n\u2022\tHostname des zugreifenden Rechners\n\u2022\tUhrzeit der Serveranfrage\nDiese Daten sind nicht bestimmten Personen zuordenbar. Eine Zusammenf\u00fchrung dieser Daten mit anderen Datenquellen wird nicht vorgenommen. Wir behalten uns vor, diese Daten nachtr\u00e4glich zu pr\u00fcfen, wenn uns konkrete Anhaltspunkte f\u00fcr eine rechtswidrige Nutzung bekannt werden.\n<br \/><br \/>\n\n<b>SSL-Verschl\u00fcsselung<\/b><br \/>\n\nDiese Seite nutzt aus Gr\u00fcnden der Sicherheit und zum Schutz der \u00dcbertragung vertraulicher Inhalte, wie zum Beispiel der Anfragen, die Sie an uns als Seitenbetreiber senden, eine SSL-Verschl\u00fcsselung. Eine verschl\u00fcsselte Verbindung erkennen Sie daran, dass die Adresszeile des Browsers von &#8220;http:\/\/&#8220; auf &#8220;https:\/\/&#8220; wechselt und an dem Schloss-Symbol in Ihrer Browserzeile.\nWenn die SSL Verschl\u00fcsselung aktiviert ist, k\u00f6nnen die Daten, die Sie an uns \u00fcbermitteln, nicht von Dritten mitgelesen werden.\n<br \/><br \/>\n\n<b>Kontaktformular<\/b><br \/>\n\nWenn Sie uns per Kontaktformular Anfragen zukommen lassen, werden Ihre Angaben aus dem Anfrageformular inklusive der von Ihnen dort angegebenen Kontaktdaten zwecks Bearbeitung der Anfrage und f\u00fcr den Fall von Anschlussfragen bei uns gespeichert. Diese Daten geben wir nicht ohne Ihre Einwilligung weiter.\n<br \/><br \/>\n\n<b>Datenschutzerkl\u00e4rung f\u00fcr die Nutzung von Google Analytics<\/b><br \/>\n\nDiese Website nutzt Funktionen des Webanalysedienstes Google Analytics. Anbieter ist die Google Inc., 1600 Amphitheatre Parkway Mountain View, CA 94043, USA.\nGoogle Analytics verwendet sog. \u201eCookies\u201c. Das sind Textdateien, die auf Ihrem Computer gespeichert werden und die eine Analyse der Benutzung der Website durch Sie erm\u00f6glichen. Die durch den Cookie erzeugten Informationen \u00fcber Ihre Benutzung dieser Website werden in der Regel an einen Server von Google in den USA \u00fcbertragen und dort gespeichert.\nIm Falle der Aktivierung der IP-Anonymisierung auf dieser Webseite wird Ihre IP-Adresse von Google jedoch innerhalb von Mitgliedstaaten der Europ\u00e4ischen Union oder in anderen Vertragsstaaten des Abkommens \u00fcber den Europ\u00e4ischen Wirtschaftsraum zuvor gek\u00fcrzt. Nur in Ausnahmef\u00e4llen wird die volle IP-Adresse an einen Server von Google in den USA \u00fcbertragen und dort gek\u00fcrzt. Im Auftrag des Betreibers dieser Website wird Google diese Informationen benutzen, um Ihre Nutzung der Website auszuwerten, um Reports \u00fcber die Websiteaktivit\u00e4ten zusammenzustellen und um weitere mit der Websitenutzung und der Internetnutzung verbundene Dienstleistungen gegen\u00fcber dem Websitebetreiber zu erbringen. Die im Rahmen von Google Analytics von Ihrem Browser \u00fcbermittelte IP-Adresse wird nicht mit anderen Daten von Google zusammengef\u00fchrt.\nSie k\u00f6nnen die Speicherung der Cookies durch eine entsprechende Einstellung Ihrer Browser-Software verhindern; wir weisen Sie jedoch darauf hin, dass Sie in diesem Fall gegebenenfalls nicht s\u00e4mtliche Funktionen dieser Website vollumf\u00e4nglich werden nutzen k\u00f6nnen. Sie k\u00f6nnen dar\u00fcber hinaus die Erfassung der durch das Cookie erzeugten und auf Ihre Nutzung der Website bezogenen Daten (inkl. Ihrer IP-Adresse) an Google sowie die Verarbeitung dieser Daten durch Google verhindern, indem sie das unter dem folgenden Link verf\u00fcgbare Browser-Plugin herunterladen und installieren: http:\/\/tools.google.com\/dlpage\/gaoptout?hl=de\nSie k\u00f6nnen die Erfassung durch Google Analytics verhindern, indem Sie auf folgenden Link klicken. Es wird ein Opt-Out-Cookie gesetzt, das das Erfassung Ihrer Daten bei zuk\u00fcnftigen Besuchen dieser Website verhindert: Google Analytics deaktivieren\n<br \/><br \/>\n\n<b>Datenschutzerkl\u00e4rung Google Maps<\/b><br \/>\n\nDiese Webseite verwendet das Produkt Google Maps von Google Inc. Durch Nutzung dieser Webseite erkl\u00e4ren Sie sich mit der Erfassung, Bearbeitung sowie Nutzung der automatisiert erhobenen Daten durch Google Inc, deren Vertreter sowie Dritter einverstanden. \nDie Nutzungsbedingungen von Google Maps finden sie unter &#8220;Nutzungsbedingungen von Google Maps&#8220;.\n<br \/><br \/>\n \n<b>Datenschutzerkl\u00e4rung f\u00fcr die Nutzung von Google Web Fonts<\/b><br \/>\n\nDiese Seite nutzt zur einheitlichen Darstellung von Schriftarten so genannte Web Fonts, die von Google bereitgestellt werden. Beim Aufruf einer Seite l\u00e4dt Ihr Browser die ben\u00f6tigten Web Fonts in ihren Browsercache, um Texte und Schriftarten korrekt anzuzeigen. Wenn Ihr Browser Web Fonts nicht unterst\u00fctzt, wird eine Standardschrift von Ihrem Computer genutzt.<br \/>\nWeitere Informationen zu Google Web Fonts finden Sie unter https:\/\/developers.google.com\/fonts\/faq und in der Datenschutzerkl\u00e4rung von Google: https:\/\/www.google.com\/policies\/privacy\/\n<br \/><br \/>\n\n<b>Einwilligung Newsletter<\/b><br \/>\n\nIn Bezug auf die Verwendung Ihrer personenbezogenen Daten zum Empfang unseres Newsletters werden Sie an gegebener Stelle wie folgt um eine Einwilligung gebeten:\n&#8220;Ich habe die Datenschutzerkl\u00e4rung zu Kenntnis genommen, insbesondere bin ich damit einverstanden, dass die Datenverarbeitung bei einem Dienstleister in den USA erfolgt.&#8220;.\nMit dem Newsletter informieren wir in regelm\u00e4\u00dfigen Abst\u00e4nden \u00fcber unsere Angebote. Um unseren Newsletter empfangen zu k\u00f6nnen, ben\u00f6tigen Sie eine g\u00fcltige E-Mailadresse. Die von Ihnen eingetragene E-Mail-Adresse werden wir dahingehend \u00fcberpr\u00fcfen, ob Sie tats\u00e4chlich der Inhaber der angegebenen E-Mail-Adresse sind bzw. deren Inhaber den Empfang des Newsletters autorisiert ist. Mit Ihrer Anmeldung zu unserem Newsletter werden wir Ihre IP-Adresse und das Datum sowie die Uhrzeit Ihrer Anmeldung speichern. Dies dient in dem Fall, dass ein Dritter Ihre E-Mail-Adresse missbraucht und ohne Ihr Wissen unseren Newsletter abonniert, als Absicherung unsererseits.\nEin Abgleich der so erhobenen Daten mit Daten, die m\u00f6glicherweise durch andere Komponenten unserer Seite erhoben werden, erfolgt ebenfalls nicht.\n<br \/><br \/>\n\n<b>Newsletter per MailChimp<\/b><br \/>\n\nWir verwenden zum Versand unserer Newsletter die Komponente MailChimp. Bei MailChimp handelt es sich um eine Dienstleistung der Firma The Rocket Science Group, LLC, 512 Means Street, Suite 404, Atlanta, GA 30318, USA.\nIhre bei der Newsletter Anmeldung gespeicherten Daten (E-Mail-Adresse, ggf. Name, IP-Adresse, Datum sowie die Uhrzeit Ihrer Anmeldung) werden an einen Server der Firma The Rocket Science Group in den USA \u00fcbertragen und dort unter Beachtung des &#8220;Safe Harbor Abkommens&#8220; gespeichert.\nWeitere Informationen zum Datenschutz bei MailChimp finden Sie unter: http:\/\/mailchimp.com\/legal\/privacy\/\nDas Abonnement dieses Newsletters und damit die Einwilligung in die Speicherung Ihrer Daten k\u00f6nnen Sie jederzeit f\u00fcr die Zukunft k\u00fcndigen bzw. widerrufen. Einzelheiten hierzu k\u00f6nnen Sie der Best\u00e4tigungsmail sowie jedem einzelnen Newsletter entnehmen.\n<br \/><br \/>\n\n<b>Newsletter-Tracking<\/b><br \/>\n\nUnsere Newsletter enthalten sog. Z\u00e4hlpixel (Web-Bugs), anhand derer wir erkennen k\u00f6nnen, ob und wann eine E-Mail ge\u00f6ffnet wurde und welchen Links in der E-Mail von dem personalisierten Empf\u00e4nger gefolgt wurde.\nDiese Daten werden von uns gespeichert, damit wir unsere Newsletter optimal auf die W\u00fcnsche und Interessen unserer Abonnenten ausrichten k\u00f6nnen. Demnach werden die somit erhobenen Daten genutzt, um personalisierte Newsletter an den jeweiligen Empf\u00e4nger zu versenden.\nUm Ihre diesbez\u00fcgliche Einwilligung bitten wir Sie an gegebener Stelle wie folgt:\n&#8220;Ich bin damit einverstanden, dass meine Daten und mein Nutzungsverhalten durch das Newsletter-Tracking elektronisch gespeichert werden um mir einen individualisierten Newsletter zu \u00fcbersenden. Mit dem widerrufen der Einwilligung zum Erhalt des Newsletters, wird auch die Einwilligung zum vorgenannten Tracking widerrufen.&#8220;\nMit dem widerrufen der Einwilligung zum Erhalt des Newsletters, wird auch die Einwilligung zum vorgenannten Tracking widerrufen.\n<br \/><br \/>\n\n<b>Registrierungsfunktion<\/b><br \/>\n\nWir bieten Ihnen auf unserer Seite die M\u00f6glichkeit, sich dort zu registrieren. Die im Zuge dieser Registrierung eingegebenen Daten, die aus der Eingabemaske des Registrierungsformular ersichtlich sind (Vorname, Nachname, E-Mail, Geschlecht, Geburtsjahr, Postleitzahl) werden ausschlie\u00dflich f\u00fcr die Verwendung unseres Angebots erhoben und gespeichert. Mit Ihrer Registrierung auf unserer Seite werden wir zudem Ihre IP-Adresse und das Datum sowie die Uhrzeit Ihrer Registrierung speichern. Dies dient in dem Fall, dass ein Dritter Ihre Daten missbraucht und sich mit diesen Daten ohne Ihr Wissen auf unserer Seite registriert, als Absicherung unsererseits. Eine Weitergabe an Dritte erfolgt nicht. Ein Abgleich der so erhobenen Daten mit Daten, die m\u00f6glicherweise durch andere Komponenten unserer Seite erhoben werden, erfolgt ebenfalls nicht.\n<br \/><br \/>\n\n<b>Widerspruch Werbe-Mails<\/b><br \/>\n\nDer Nutzung von im Rahmen der Impressumspflicht ver\u00f6ffentlichten Kontaktdaten zur \u00dcbersendung von nicht ausdr\u00fccklich angeforderter Werbung und Informationsmaterialien wird hiermit widersprochen. Die Betreiber der Seiten behalten sich ausdr\u00fccklich rechtliche Schritte im Falle der unverlangten Zusendung von Werbeinformationen, etwa durch Spam-E-Mails, vor.\n<br \/><br \/>\n\n<b>Auskunft, L\u00f6schung, Sperrung<\/b><br \/>\n\nSie haben jederzeit das Recht auf unentgeltliche Auskunft \u00fcber Ihre gespeicherten personenbezogenen Daten, deren Herkunft und Empf\u00e4nger und den Zweck der Datenverarbeitung sowie ein Recht auf Berichtigung, Sperrung oder L\u00f6schung dieser Daten. Hierzu sowie zu weiteren Fragen zum Thema personenbezogene Daten k\u00f6nnen Sie sich jederzeit \u00fcber die im Impressum angegeben Adresse des Webseitenbetreibers an uns wenden.\n<br \/><br \/>\n\n<b>Einbindung von Diensten und Inhalten Dritter<\/b><br \/>\n\nEs kann vorkommen, dass innerhalb dieses Onlineangebotes Inhalte Dritter, wie zum Beispiel Videos von YouTube, Kartenmaterial von Google-Maps, RSS-Feeds oder Grafiken von anderen Webseiten eingebunden werden. Dies setzt immer voraus, dass die Anbieter dieser Inhalte (nachfolgend bezeichnet als \u201eDritt-Anbieter\u201c) die IP-Adresse der Nutzer wahr nehmen. Denn ohne die IP-Adresse, k\u00f6nnten sie die Inhalte nicht an den Internet- Browser des jeweiligen Nutzers senden. Die IP-Adresse ist somit f\u00fcr die Darstellung dieser Inhalte erforderlich. Wir bem\u00fchen uns nur solche Inhalte zu verwenden, deren Anbieter die IP-Adresse lediglich zur Auslieferung der Inhalte verwenden. Wir haben keinen Einfluss darauf, f\u00fcr den Fall, da\u00df die Dritt-Anbieter eine IP-Adresse z.B. f\u00fcr statistische Zwecke speichern. Sollte uns dieses bekannt werden, kl\u00e4ren wir die Nutzer dar\u00fcber auf.\n<br \/><br \/>\n\n<b>Verantwortliche Stelle im Sinne des Datenschutzrechts<br \/>\n\nSiehe Impressum<\/b><br \/><br \/>\n\nDie Kapitel \u201cEinwilligung Newsletter\u201d, \u201cNewsletter per MailChimp\u201d, \u201cNewsletter-Tracking\u201d und \u201cRegistrierungsfunktion\u201d sind aus der Muster-Datenschutzerkl\u00e4rung <br \/>\n(https:\/\/www.ratgeberrecht.eu\/leistungen\/muster-datenschutzerklaerung.html)<br \/> \nder Anwaltskanzlei Wei\u00df &#038; Partner(https:\/\/www.ratgeberrecht.eu\/)<br \/>\nQuellverweis: e-recht24.de\n\n\n<\/font>\n","protected":false},"excerpt":{"rendered":"<p>Datenschutzerkl\u00e4rung Geltungsbereich Diese Datenschutzerkl\u00e4rung kl\u00e4rt Nutzer \u00fcber die Art, den Umfang und Zwecke der Erhebung und Verwendung personenbezogener Daten durch den verantwortlichen Anbieter Gesch\u00e4ftsangaben auf dieser Website (im folgenden \u201cAngebot\u201d) auf. Die rechtlichen Grundlagen des Datenschutzes finden sich im Bundesdatenschutzgesetz (BDSG) und dem Telemediengesetz (TMG). Datenschutz Die Betreiber dieser Seiten nehmen den Schutz Ihrer pers\u00f6nlichen &hellip; <\/p>\n<p class=\"link-more\"><a href=\"https:\/\/elektro-schloesser.de\/index.php\/dsgvo\/\" class=\"more-link\"><span class=\"screen-reader-text\">\u201eDSGVO\u201c<\/span> weiterlesen<\/a><\/p>\n","protected":false},"author":1,"featured_media":0,"parent":0,"menu_order":0,"comment_status":"closed","ping_status":"closed","template":"","meta":[],"yoast_head":"<!-- This site is optimized with the Yoast SEO plugin v19.12 - https:\/\/yoast.com\/wordpress\/plugins\/seo\/ -->\n<title>DSGVO - Elektrotechnik Schl\u00f6sser<\/title>\n<meta name=\"robots\" content=\"index, follow, max-snippet:-1, max-image-preview:large, max-video-preview:-1\" \/>\n<link rel=\"canonical\" href=\"https:\/\/elektro-schloesser.de\/index.php\/dsgvo\/\" \/>\n<meta property=\"og:locale\" content=\"de_DE\" \/>\n<meta property=\"og:type\" content=\"article\" \/>\n<meta property=\"og:title\" content=\"DSGVO - Elektrotechnik Schl\u00f6sser\" \/>\n<meta property=\"og:description\" content=\"Datenschutzerkl\u00e4rung Geltungsbereich Diese Datenschutzerkl\u00e4rung kl\u00e4rt Nutzer \u00fcber die Art, den Umfang und Zwecke der Erhebung und Verwendung personenbezogener Daten durch den verantwortlichen Anbieter Gesch\u00e4ftsangaben auf dieser Website (im folgenden \u201cAngebot\u201d) auf. Die rechtlichen Grundlagen des Datenschutzes finden sich im Bundesdatenschutzgesetz (BDSG) und dem Telemediengesetz (TMG). Datenschutz Die Betreiber dieser Seiten nehmen den Schutz Ihrer pers\u00f6nlichen &hellip; \u201eDSGVO\u201c weiterlesen\" \/>\n<meta property=\"og:url\" content=\"https:\/\/elektro-schloesser.de\/index.php\/dsgvo\/\" \/>\n<meta property=\"og:site_name\" content=\"Elektrotechnik Schl\u00f6sser\" \/>\n<meta property=\"article:modified_time\" content=\"2019-08-19T18:05:02+00:00\" \/>\n<meta name=\"twitter:card\" content=\"summary_large_image\" \/>\n<meta name=\"twitter:label1\" content=\"Gesch\u00e4tzte Lesezeit\" \/>\n\t<meta name=\"twitter:data1\" content=\"9\u00a0Minuten\" \/>\n<script type=\"application\/ld+json\" class=\"yoast-schema-graph\">{\"@context\":\"https:\/\/schema.org\",\"@graph\":[{\"@type\":\"WebPage\",\"@id\":\"https:\/\/elektro-schloesser.de\/index.php\/dsgvo\/\",\"url\":\"https:\/\/elektro-schloesser.de\/index.php\/dsgvo\/\",\"name\":\"DSGVO - Elektrotechnik Schl\u00f6sser\",\"isPartOf\":{\"@id\":\"https:\/\/elektro-schloesser.de\/#website\"},\"datePublished\":\"2019-08-19T18:04:59+00:00\",\"dateModified\":\"2019-08-19T18:05:02+00:00\",\"breadcrumb\":{\"@id\":\"https:\/\/elektro-schloesser.de\/index.php\/dsgvo\/#breadcrumb\"},\"inLanguage\":\"de\",\"potentialAction\":[{\"@type\":\"ReadAction\",\"target\":[\"https:\/\/elektro-schloesser.de\/index.php\/dsgvo\/\"]}]},{\"@type\":\"BreadcrumbList\",\"@id\":\"https:\/\/elektro-schloesser.de\/index.php\/dsgvo\/#breadcrumb\",\"itemListElement\":[{\"@type\":\"ListItem\",\"position\":1,\"name\":\"Home\",\"item\":\"https:\/\/elektro-schloesser.de\/\"},{\"@type\":\"ListItem\",\"position\":2,\"name\":\"DSGVO\"}]},{\"@type\":\"WebSite\",\"@id\":\"https:\/\/elektro-schloesser.de\/#website\",\"url\":\"https:\/\/elektro-schloesser.de\/\",\"name\":\"Elektrotechnik Schl\u00f6sser\",\"description\":\"Elektrotechnik Meisterbetrieb\",\"potentialAction\":[{\"@type\":\"SearchAction\",\"target\":{\"@type\":\"EntryPoint\",\"urlTemplate\":\"https:\/\/elektro-schloesser.de\/?s={search_term_string}\"},\"query-input\":\"required name=search_term_string\"}],\"inLanguage\":\"de\"}]}<\/script>\n<!-- \/ Yoast SEO plugin. -->","yoast_head_json":{"title":"DSGVO - Elektrotechnik Schl\u00f6sser","robots":{"index":"index","follow":"follow","max-snippet":"max-snippet:-1","max-image-preview":"max-image-preview:large","max-video-preview":"max-video-preview:-1"},"canonical":"https:\/\/elektro-schloesser.de\/index.php\/dsgvo\/","og_locale":"de_DE","og_type":"article","og_title":"DSGVO - Elektrotechnik Schl\u00f6sser","og_description":"Datenschutzerkl\u00e4rung Geltungsbereich Diese Datenschutzerkl\u00e4rung kl\u00e4rt Nutzer \u00fcber die Art, den Umfang und Zwecke der Erhebung und Verwendung personenbezogener Daten durch den verantwortlichen Anbieter Gesch\u00e4ftsangaben auf dieser Website (im folgenden \u201cAngebot\u201d) auf. Die rechtlichen Grundlagen des Datenschutzes finden sich im Bundesdatenschutzgesetz (BDSG) und dem Telemediengesetz (TMG). Datenschutz Die Betreiber dieser Seiten nehmen den Schutz Ihrer pers\u00f6nlichen &hellip; \u201eDSGVO\u201c weiterlesen","og_url":"https:\/\/elektro-schloesser.de\/index.php\/dsgvo\/","og_site_name":"Elektrotechnik Schl\u00f6sser","article_modified_time":"2019-08-19T18:05:02+00:00","twitter_card":"summary_large_image","twitter_misc":{"Gesch\u00e4tzte Lesezeit":"9\u00a0Minuten"},"schema":{"@context":"https:\/\/schema.org","@graph":[{"@type":"WebPage","@id":"https:\/\/elektro-schloesser.de\/index.php\/dsgvo\/","url":"https:\/\/elektro-schloesser.de\/index.php\/dsgvo\/","name":"DSGVO - Elektrotechnik Schl\u00f6sser","isPartOf":{"@id":"https:\/\/elektro-schloesser.de\/#website"},"datePublished":"2019-08-19T18:04:59+00:00","dateModified":"2019-08-19T18:05:02+00:00","breadcrumb":{"@id":"https:\/\/elektro-schloesser.de\/index.php\/dsgvo\/#breadcrumb"},"inLanguage":"de","potentialAction":[{"@type":"ReadAction","target":["https:\/\/elektro-schloesser.de\/index.php\/dsgvo\/"]}]},{"@type":"BreadcrumbList","@id":"https:\/\/elektro-schloesser.de\/index.php\/dsgvo\/#breadcrumb","itemListElement":[{"@type":"ListItem","position":1,"name":"Home","item":"https:\/\/elektro-schloesser.de\/"},{"@type":"ListItem","position":2,"name":"DSGVO"}]},{"@type":"WebSite","@id":"https:\/\/elektro-schloesser.de\/#website","url":"https:\/\/elektro-schloesser.de\/","name":"Elektrotechnik Schl\u00f6sser","description":"Elektrotechnik Meisterbetrieb","potentialAction":[{"@type":"SearchAction","target":{"@type":"EntryPoint","urlTemplate":"https:\/\/elektro-schloesser.de\/?s={search_term_string}"},"query-input":"required name=search_term_string"}],"inLanguage":"de"}]}},"_links":{"self":[{"href":"https:\/\/elektro-schloesser.de\/index.php\/wp-json\/wp\/v2\/pages\/80"}],"collection":[{"href":"https:\/\/elektro-schloesser.de\/index.php\/wp-json\/wp\/v2\/pages"}],"about":[{"href":"https:\/\/elektro-schloesser.de\/index.php\/wp-json\/wp\/v2\/types\/page"}],"author":[{"embeddable":true,"href":"https:\/\/elektro-schloesser.de\/index.php\/wp-json\/wp\/v2\/users\/1"}],"replies":[{"embeddable":true,"href":"https:\/\/elektro-schloesser.de\/index.php\/wp-json\/wp\/v2\/comments?post=80"}],"version-history":[{"count":1,"href":"https:\/\/elektro-schloesser.de\/index.php\/wp-json\/wp\/v2\/pages\/80\/revisions"}],"predecessor-version":[{"id":81,"href":"https:\/\/elektro-schloesser.de\/index.php\/wp-json\/wp\/v2\/pages\/80\/revisions\/81"}],"wp:attachment":[{"href":"https:\/\/elektro-schloesser.de\/index.php\/wp-json\/wp\/v2\/media?parent=80"}],"curies":[{"name":"wp","href":"https:\/\/api.w.org\/{rel}","templated":true}]}}